{"id":6910,"date":"2024-12-06T12:08:10","date_gmt":"2024-12-06T11:08:10","guid":{"rendered":"https:\/\/www.ircres.cnr.it\/?page_id=6910"},"modified":"2024-12-09T11:04:31","modified_gmt":"2024-12-09T10:04:31","slug":"joint-research-unit","status":"publish","type":"page","link":"https:\/\/www.ircres.cnr.it\/en\/joint-research-unit\/","title":{"rendered":"Joint Research Unit"},"content":{"rendered":"<p>Una <strong>Joint Research Unit<\/strong> (JRU) \u00e8 un gruppo di lavoro stabile basato su un accordo di collaborazione fra diverse entit\u00e0 legali e riconosciuto dalla legge vigente che raccoglie partner a livello nazionale per la realizzazione di progetti in una determinata area di ricerca.<\/p>\n<p>Le JRU possono mettere in comune risorse umane e attrezzature sulla base di una strategia e di un progetto scientifico condiviso.<\/p>\n<p>Le Joint Research Unit GPP.IT, GUIDE.IT e SHARE.IT sono direttamente collegate all\u2019infrastruttura di ricerca <strong>FOSSR<\/strong> (Fostering Open Science in Social Science Research).<\/p>\n<p>&nbsp;<\/p>\n<h4><em><strong>GGP.IT<\/strong><\/em><\/h4>\n<p><em>La JRU GGP.IT ha lo scopo di consolidare e garantire la sostenibilit\u00e0 nel tempo della partecipazione italiana all\u2019infrastruttura di ricerca europea GGP, Generation and Gender Program (GGP) \u00e8 un\u2019infrastruttura di ricerca inclusa nella \u201cESFRI Roadmap 2021\u201d come rete di ricerca di eccellenza, e costituisce una piattaforma distribuita, integrata e sostenibile, per i servizi alle scienze sociali e umane;\u00a0 La missione di GGP \u00e8 quella di fornire dati di alta qualit\u00e0 per la ricerca scientifica sulle dinamiche della popolazione e sui cambiamenti familiari, le relazioni tra generazioni e i cambiamenti nei ruoli sociali di donne e uomini, tenendo conto dei contesti economici, sociali e culturali. Il GGP \u00e8 leader mondiale su questioni relative alle decisioni sulla fecondit\u00e0, all&#8217;equilibrio tra lavoro e vita privata, alla transizione verso l&#8217;et\u00e0 adulta e agli scambi intergenerazionali;<br \/>\n<\/em><br \/>\nIstituti CNR coinvolti: IRCrES, IRPPS (Capofila) e ISMED<\/p>\n<p>In collaborazione con:\u00a0 Universit\u00e0 Bocconi<\/p>\n<p>Referenti IRCrES: <a href=\"https:\/\/www.ircres.cnr.it\/team\/benati-igor\/\">Igor Benati<\/a> e <a href=\"https:\/\/www.ircres.cnr.it\/team\/morettini-lucio\/\">Lucio Morettini<\/a><br \/>\n<a href=\"https:\/\/www.ircres.cnr.it\/wp-content\/uploads\/2024\/12\/ACCORDO-GGP.pdf\" target=\"_blank\" rel=\"noopener\">Accordo di collaborazione<\/a> (pdf)<\/p>\n<p>&nbsp;<\/p>\n<h4><em><strong>GUIDE.IT<\/strong><\/em><\/h4>\n<p><em>La JRU GUIDE.IT ha lo scopo di consolidare e garantire la sostenibilit\u00e0 nel tempo della partecipazione italiana all\u2019infrastruttura di ricerca europea GUIDE (GROWING UP IN DIGITAL EUROPE: EUROCOHORT). GUIDE \u00e8 un\u2019infrastruttura di ricerca europea riconosciuta dall\u2019European Strategy Forum on Research Infrastructures (ESFRI) come rete di ricerca di eccellenza, e costituisce una piattaforma distribuita, integrata e sostenibile, per i servizi alle scienze sociali e umane, in particolare, supporta la comunit\u00e0 scientifica internazionale, consentendo di condurre ricerche di alta qualit\u00e0 sul tema del benessere dei bambini e dei giovani adulti, contribuendo anche alla formulazione di soluzioni efficaci alle grandi sfide che la societ\u00e0 odierna deve affrontare su questi temi;\u00a0 GUIDE intende sviluppare il primo studio di coorte longitudinale comparativo armonizzato per la ricerca in ambito sociale in Europa, al fine di raccogliere dati sul benessere e la qualit\u00e0 della vita dei bambini e dei giovani europei fino al raggiungimento dei 24 anni;<\/em><\/p>\n<p>Istituti CNR coinvolti: IRCrES, IRPPS, e ISMED (Capofila)<\/p>\n<p>In collaborazione con:\u00a0 Universit\u00e0 di Bologna<\/p>\n<p>Referenti IRCrES: <a href=\"https:\/\/www.ircres.cnr.it\/team\/lamonica-valentina\/\">Valentina Lamonica<\/a> e <a href=\"https:\/\/www.ircres.cnr.it\/team\/spinello-andrea-orazio\">Andrea Orazio Spinello<\/a><br \/>\n<a href=\"https:\/\/www.ircres.cnr.it\/wp-content\/uploads\/2024\/12\/ACCORDO-GUIDE.pdf\" target=\"_blank\" rel=\"noopener\">Accordo di collaborazione<\/a> (pdf)<\/p>\n<p>&nbsp;<\/p>\n<h4><em><strong>SHARE.IT<\/strong><\/em><\/h4>\n<p><em>SHARE-ERIC \u00e8 un\u2019infrastruttura di ricerca distribuita per lo studio dell\u2019invecchiamento della popolazione, riconosciuta gi\u00e0 nel 2006 dall\u2019European Strategy Forum on Research Infrastructures (ESFRI) come rete di ricerca di eccellenza nell\u2019ambito delle scienze sociali, costituita in ERIC nel 2011 e riconosciuta come ESFRI Landmark nel 2016. SHARE-ERIC gestisce la raccolta di micro-dati longitudinali relativi alla popolazione di ultracinquantenni in Europa, denominata \u201cSurvey on Health, Ageing and Retirement in Europe \u2013 SHARE\u201d; <\/em><em>SHARE ERIC \u00e8 inserita nell\u2019ambito del Programma Nazionale per le Infrastrutture di Ricerca (PNIR) tra le infrastrutture ritenute prioritarie per il Paese.<br \/>\n<\/em><br \/>\nIstituti CNR coinvolti: IRCrES (Capofila), IRPPS, e ISMED<\/p>\n<p>In collaborazione con:\u00a0 Universit\u00e0 di Padova, Universit\u00e0 di Venezia<\/p>\n<p>Referenti IRCrES: <a href=\"https:\/\/www.ircres.cnr.it\/team\/falavigna-greta\/\">Greta Falavigna<\/a> e <a href=\"https:\/\/www.ircres.cnr.it\/team\/zinilli-antonio\/\">Antonio Zinilli<\/a><br \/>\n<a href=\"https:\/\/www.ircres.cnr.it\/wp-content\/uploads\/2024\/12\/ACCORDO-SHARE.pdf\" target=\"_blank\" rel=\"noopener\">Accordo di collaborazione<\/a> (pdf)<\/p>\n<p>&nbsp;<\/p>\n<h4><em><strong>KITS<\/strong><\/em><\/h4>\n<p><em>Accordo Quadro di collaborazione per lo svolgimento di attivit\u00e0 di ricerca e sviluppo nel settore delle Scienze Economiche, Statisti<\/em><em>che e Sociali. Con questo accordo di collaborazione si intende di sviluppare attivit\u00e0 di ricerca che necessitano di integrare le competenze derivanti da varie scienze sociali, per costruire ulteriori piattaforme di conoscenza di natura inter-multi e trans disciplinare, al fine di consentire approfondite disamine delle transizioni verso le sostenibiliti\u00e0 economica, sociale ed ambientale.<br \/>\n<\/em><br \/>\nIstituti CNR coinvolti: IRCrES, ISSIRFA<\/p>\n<p>In collaborazione con:\u00a0 Universit\u00e0 di Ferrara, Universit\u00e0 del Piemonte Orientale, Universit\u00e0 di Brescia, Universit\u00e0 di Foggia, Universit\u00e0 di Milano-Bicocca, Universit\u00e0 di Parma, Sapienza Universit\u00e0 di Roma, Universit\u00e0 di Roma Tre, Universit\u00e0 Unitelmasapienza.<\/p>\n<p>Referenti IRCrES: <a href=\"https:\/\/www.ircres.cnr.it\/team\/calabrese-giuseppe-giulio\/\">Giuseppe Giulio Calabrese<\/a><br \/>\n<a href=\"https:\/\/www.ircres.cnr.it\/wp-content\/uploads\/2024\/12\/Accordo-KITS.pdf\" target=\"_blank\" rel=\"noopener\">Accordo di collaborazione<\/a> (pdf)<\/p>\n","protected":false},"excerpt":{"rendered":"<p>Una Joint Research Unit (JRU) \u00e8 un gruppo di lavoro stabile basato su un accordo di collaborazione fra diverse entit\u00e0&#8230;<\/p>\n","protected":false},"author":2,"featured_media":6964,"parent":0,"menu_order":4,"comment_status":"closed","ping_status":"closed","template":"resources.php","meta":{"_acf_changed":false,"footnotes":""},"class_list":["post-6910","page","type-page","status-publish","has-post-thumbnail","hentry"],"acf":[],"_links":{"self":[{"href":"https:\/\/www.ircres.cnr.it\/en\/wp-json\/wp\/v2\/pages\/6910","targetHints":{"allow":["GET"]}}],"collection":[{"href":"https:\/\/www.ircres.cnr.it\/en\/wp-json\/wp\/v2\/pages"}],"about":[{"href":"https:\/\/www.ircres.cnr.it\/en\/wp-json\/wp\/v2\/types\/page"}],"author":[{"embeddable":true,"href":"https:\/\/www.ircres.cnr.it\/en\/wp-json\/wp\/v2\/users\/2"}],"replies":[{"embeddable":true,"href":"https:\/\/www.ircres.cnr.it\/en\/wp-json\/wp\/v2\/comments?post=6910"}],"version-history":[{"count":32,"href":"https:\/\/www.ircres.cnr.it\/en\/wp-json\/wp\/v2\/pages\/6910\/revisions"}],"predecessor-version":[{"id":6962,"href":"https:\/\/www.ircres.cnr.it\/en\/wp-json\/wp\/v2\/pages\/6910\/revisions\/6962"}],"wp:featuredmedia":[{"embeddable":true,"href":"https:\/\/www.ircres.cnr.it\/en\/wp-json\/wp\/v2\/media\/6964"}],"wp:attachment":[{"href":"https:\/\/www.ircres.cnr.it\/en\/wp-json\/wp\/v2\/media?parent=6910"}],"curies":[{"name":"wp","href":"https:\/\/api.w.org\/{rel}","templated":true}]}}